{"id":3,"date":"2020-12-11T11:30:19","date_gmt":"2020-12-11T11:30:19","guid":{"rendered":"https:\/\/living-retreat.com\/?page_id=3"},"modified":"2022-05-25T12:52:24","modified_gmt":"2022-05-25T12:52:24","slug":"politica-privacidade","status":"publish","type":"page","link":"https:\/\/living-retreat.com\/pt\/politica-privacidade\/","title":{"rendered":"Pol\u00edtica de privacidade"},"content":{"rendered":"<p class=\"p1\"><b>Pol\u00edtica de privacidade<\/b><\/p>\r\n<p class=\"p3\">O s\u00edtio <span class=\"s1\">https:\/\/living-retreat.com\/<\/span> \u00e9 uma plataforma de reservas da Living Retreat com o alojamento 124179\/AL, um apartamento na Pra\u00e7a do Junqueiro, em Carcavelos, denominado no s\u00edtio como \u201cInesquec\u00edvel estadia na praia de Carcavelos\u201d.<\/p>\r\n<p class=\"p4\">Por norma, os dados s\u00e3o solicitados quando o utilizador solicita servi\u00e7o uma reserva.<\/p>\r\n<p class=\"p3\">Os dados pessoais recolhidos e tratados consistem essencialmente em informa\u00e7\u00e3o relativa ao nome, data de nascimento, telefone, telem\u00f3vel, email, morada, n\u00famero de identifica\u00e7\u00e3o fiscal, passaporte, dados do cart\u00e3o de cr\u00e9dito (recolhidos apenas para efeitos de fatura\u00e7\u00e3o), embora possam vir a ser recolhidos outros dados pessoais que possam ser necess\u00e1rios ou convenientes para cobran\u00e7a das estadias no alojamento.<\/p>\r\n<p class=\"p3\">Os dados do utilizador recolhidos pela Living Retreat n\u00e3o s\u00e3o partilhados com terceiros.<\/p>\r\n<p class=\"p3\">Nos termos legais aplic\u00e1veis, a Living Retreat poder\u00e1 transmitir ou comunicar os dados do utilizador a outras entidades no caso de essa transmiss\u00e3o ou comunica\u00e7\u00e3o ser necess\u00e1ria para a execu\u00e7\u00e3o do contrato estabelecido ou para dilig\u00eancias pr\u00e9-contratuais a pedido do utilizador, no caso de ser necess\u00e1ria para o cumprimento de uma obriga\u00e7\u00e3o jur\u00eddica a que a Living Retreat esteja sujeita ou no caso de ser necess\u00e1ria para a obten\u00e7\u00e3o dos interesses leg\u00edtimos da Living Retreat. Ocorrendo uma transmiss\u00e3o de dados do utilizador a terceiros, ser\u00e3o desenvolvidos os esfor\u00e7os considerados razo\u00e1veis para que o transmiss\u00e1rio utilize os mesmos de forma adequada com esta Pol\u00edtica de Privacidade.<\/p>\r\n<p class=\"p3\">A Living Retreat assume o compromisso de:<\/p>\r\n<p class=\"p3\">\u2022 Proceder ao tratamento de dados de forma l\u00edcita e leal, recolhendo apenas a informa\u00e7\u00e3o necess\u00e1ria e pertinente \u00e0 finalidade a que se destina;<\/p>\r\n<p class=\"p3\">\u2022 N\u00e3o utilizar os dados recolhidos para finalidade incompat\u00edvel com a da recolha;<\/p>\r\n<p class=\"p3\">\u2022 Assegurar o consentimento expresso do titular dos dados sempre que tal for exigido;<\/p>\r\n<p class=\"p3\">\u2022 Garantir gratuitamente o direito de elimina\u00e7\u00e3o dos dados utilizados quando requerida pelo titular;<\/p>\r\n<p class=\"p3\">\u2022 Ter sistemas de seguran\u00e7a que impe\u00e7am a consulta, modifica\u00e7\u00e3o, destrui\u00e7\u00e3o ou adi\u00e7\u00e3o dos dados por pessoa n\u00e3o autorizada a faz\u00ea-lo e que permitam detetar desvios de informa\u00e7\u00e3o intencionais ou n\u00e3o;<\/p>\r\n<p class=\"p3\">\u2022 Respeitar o sigilo profissional em rela\u00e7\u00e3o aos dados tratados;<\/p>\r\n<p class=\"p4\">\u2022 N\u00e3o realizar interconex\u00e3o de dados pessoais.<\/p>","protected":false},"excerpt":{"rendered":"<p>Pol\u00edtica de privacidade O s\u00edtio https:\/\/living-retreat.com\/ \u00e9 uma plataforma de reservas da Living Retreat com o alojamento 124179\/AL, um apartamento na Pra\u00e7a do Junqueiro, em Carcavelos, denominado no s\u00edtio como \u201cInesquec\u00edvel estadia na praia de Carcavelos\u201d. Por norma, os dados s\u00e3o solicitados quando o utilizador solicita servi\u00e7o uma reserva. Os dados pessoais recolhidos e tratados [&hellip;]<\/p>\n","protected":false},"author":1,"featured_media":0,"parent":0,"menu_order":0,"comment_status":"closed","ping_status":"open","template":"","meta":{"inline_featured_image":false,"_joinchat":[]},"_links":{"self":[{"href":"https:\/\/living-retreat.com\/pt\/wp-json\/wp\/v2\/pages\/3"}],"collection":[{"href":"https:\/\/living-retreat.com\/pt\/wp-json\/wp\/v2\/pages"}],"about":[{"href":"https:\/\/living-retreat.com\/pt\/wp-json\/wp\/v2\/types\/page"}],"author":[{"embeddable":true,"href":"https:\/\/living-retreat.com\/pt\/wp-json\/wp\/v2\/users\/1"}],"replies":[{"embeddable":true,"href":"https:\/\/living-retreat.com\/pt\/wp-json\/wp\/v2\/comments?post=3"}],"version-history":[{"count":2,"href":"https:\/\/living-retreat.com\/pt\/wp-json\/wp\/v2\/pages\/3\/revisions"}],"predecessor-version":[{"id":2743,"href":"https:\/\/living-retreat.com\/pt\/wp-json\/wp\/v2\/pages\/3\/revisions\/2743"}],"wp:attachment":[{"href":"https:\/\/living-retreat.com\/pt\/wp-json\/wp\/v2\/media?parent=3"}],"curies":[{"name":"wp","href":"https:\/\/api.w.org\/{rel}","templated":true}]}}